{"id":862,"date":"2025-06-06T11:24:40","date_gmt":"2025-06-06T09:24:40","guid":{"rendered":"https:\/\/rocketleaugedaddy.wordpress.com\/?page_id=862"},"modified":"2025-06-06T11:24:40","modified_gmt":"2025-06-06T09:24:40","slug":"kordused","status":"publish","type":"page","link":"https:\/\/mareklukk24.thkit.ee\/wp\/kordused\/","title":{"rendered":"Kordused"},"content":{"rendered":"\n<p>Kordused t\u00e4idavad koodi mitu korda.<\/p>\n\n\n\n<p>while tingimus<br>on t\u00e4idetud<br>niikaua kui tingimus on t\u00f5ene.<\/p>\n\n\n\n<p>kui True:<br>l\u00f5putu ts\u00fckkel<br>Alternatiivina v\u00f5ib true asemel kasutada<br>kasutada lihtsat<br>equals, 1 == 1<\/p>\n\n\n\n<p>formuutuja on<br>m\u00e4\u00e4ratakse \u00fckshaaval<br>k\u00f5ik v\u00e4\u00e4rtused nimekirjast.<br>muutuja jaoks reas:<br>operaatorid<\/p>\n\n\n\n<figure class=\"wp-block-image\"><img decoding=\"async\" src=\"https:\/\/mart1n2k.wordpress.com\/wp-content\/uploads\/2025\/05\/image.png?w=1024\" alt=\"\" class=\"wp-image-1082\" \/><\/figure>\n\n\n<div class=\"wp-block-syntaxhighlighter-code \"><pre class=\"brush: plain; title: ; notranslate\" title=\"\">\nfor i in range(5):\n    print(i)\n \nx = 0\nwhile x &amp;lt; 5:\n    print(x)\n    x += 1\n<\/pre><\/div>\n\n\n<p>on for-silmus, mis kordub 5 korda.<br>range(5) loob numbrite jada: 0, 1, 2, 3, 4.<br>muutuja x = 0<br>while x &lt; 5 \u2014 while-ts\u00fckkel j\u00e4tkab t\u00e4itmist seni,kuni x on v\u00e4iksem kui 5.<br>print(x) v\u00e4ljastab x-i praeguse v\u00e4\u00e4rtuse.<br>x += 1 suurendab x-i v\u00e4\u00e4rtust 1 v\u00f5rra igal iteratsioonil (vastab x=x+ 1).<\/p>\n","protected":false},"excerpt":{"rendered":"<p>Kordused t\u00e4idavad koodi mitu korda. while tingimuson t\u00e4idetudniikaua kui tingimus on t\u00f5ene. kui True:l\u00f5putu ts\u00fckkelAlternatiivina v\u00f5ib true asemel kasutadakasutada lihtsatequals, 1 == [&hellip;]<\/p>\n","protected":false},"author":1,"featured_media":0,"parent":0,"menu_order":0,"comment_status":"closed","ping_status":"closed","template":"","meta":{"footnotes":""},"class_list":["post-862","page","type-page","status-publish","hentry"],"yoast_head":"<!-- This site is optimized with the Yoast SEO plugin v27.4 - https:\/\/yoast.com\/product\/yoast-seo-wordpress\/ -->\n<title>Kordused - Marek Lukk portfoolio<\/title>\n<meta name=\"robots\" content=\"index, follow, max-snippet:-1, max-image-preview:large, max-video-preview:-1\" \/>\n<link rel=\"canonical\" href=\"https:\/\/mareklukk24.thkit.ee\/wp\/kordused\/\" \/>\n<meta property=\"og:locale\" content=\"et_EE\" \/>\n<meta property=\"og:type\" content=\"article\" \/>\n<meta property=\"og:title\" content=\"Kordused - Marek Lukk portfoolio\" \/>\n<meta property=\"og:description\" content=\"Kordused t\u00e4idavad koodi mitu korda. while tingimuson t\u00e4idetudniikaua kui tingimus on t\u00f5ene. kui True:l\u00f5putu ts\u00fckkelAlternatiivina v\u00f5ib true asemel kasutadakasutada lihtsatequals, 1 == [&hellip;]\" \/>\n<meta property=\"og:url\" content=\"https:\/\/mareklukk24.thkit.ee\/wp\/kordused\/\" \/>\n<meta property=\"og:site_name\" content=\"Marek Lukk portfoolio\" \/>\n<meta name=\"twitter:card\" content=\"summary_large_image\" \/>\n<script type=\"application\/ld+json\" class=\"yoast-schema-graph\">{\"@context\":\"https:\\\/\\\/schema.org\",\"@graph\":[{\"@type\":\"WebPage\",\"@id\":\"https:\\\/\\\/mareklukk24.thkit.ee\\\/wp\\\/kordused\\\/\",\"url\":\"https:\\\/\\\/mareklukk24.thkit.ee\\\/wp\\\/kordused\\\/\",\"name\":\"Kordused - Marek Lukk portfoolio\",\"isPartOf\":{\"@id\":\"https:\\\/\\\/mareklukk24.thkit.ee\\\/wp\\\/#website\"},\"primaryImageOfPage\":{\"@id\":\"https:\\\/\\\/mareklukk24.thkit.ee\\\/wp\\\/kordused\\\/#primaryimage\"},\"image\":{\"@id\":\"https:\\\/\\\/mareklukk24.thkit.ee\\\/wp\\\/kordused\\\/#primaryimage\"},\"thumbnailUrl\":\"https:\\\/\\\/mart1n2k.wordpress.com\\\/wp-content\\\/uploads\\\/2025\\\/05\\\/image.png?w=1024\",\"datePublished\":\"2025-06-06T09:24:40+00:00\",\"breadcrumb\":{\"@id\":\"https:\\\/\\\/mareklukk24.thkit.ee\\\/wp\\\/kordused\\\/#breadcrumb\"},\"inLanguage\":\"et\",\"potentialAction\":[{\"@type\":\"ReadAction\",\"target\":[\"https:\\\/\\\/mareklukk24.thkit.ee\\\/wp\\\/kordused\\\/\"]}]},{\"@type\":\"ImageObject\",\"inLanguage\":\"et\",\"@id\":\"https:\\\/\\\/mareklukk24.thkit.ee\\\/wp\\\/kordused\\\/#primaryimage\",\"url\":\"https:\\\/\\\/mart1n2k.wordpress.com\\\/wp-content\\\/uploads\\\/2025\\\/05\\\/image.png?w=1024\",\"contentUrl\":\"https:\\\/\\\/mart1n2k.wordpress.com\\\/wp-content\\\/uploads\\\/2025\\\/05\\\/image.png?w=1024\"},{\"@type\":\"BreadcrumbList\",\"@id\":\"https:\\\/\\\/mareklukk24.thkit.ee\\\/wp\\\/kordused\\\/#breadcrumb\",\"itemListElement\":[{\"@type\":\"ListItem\",\"position\":1,\"name\":\"Home\",\"item\":\"https:\\\/\\\/mareklukk24.thkit.ee\\\/wp\\\/\"},{\"@type\":\"ListItem\",\"position\":2,\"name\":\"Kordused\"}]},{\"@type\":\"WebSite\",\"@id\":\"https:\\\/\\\/mareklukk24.thkit.ee\\\/wp\\\/#website\",\"url\":\"https:\\\/\\\/mareklukk24.thkit.ee\\\/wp\\\/\",\"name\":\"Marek Lukk portfoolio\",\"description\":\"Noorem tarkvaraarendaja\",\"potentialAction\":[{\"@type\":\"SearchAction\",\"target\":{\"@type\":\"EntryPoint\",\"urlTemplate\":\"https:\\\/\\\/mareklukk24.thkit.ee\\\/wp\\\/?s={search_term_string}\"},\"query-input\":{\"@type\":\"PropertyValueSpecification\",\"valueRequired\":true,\"valueName\":\"search_term_string\"}}],\"inLanguage\":\"et\"}]}<\/script>\n<!-- \/ Yoast SEO plugin. -->","yoast_head_json":{"title":"Kordused - Marek Lukk portfoolio","robots":{"index":"index","follow":"follow","max-snippet":"max-snippet:-1","max-image-preview":"max-image-preview:large","max-video-preview":"max-video-preview:-1"},"canonical":"https:\/\/mareklukk24.thkit.ee\/wp\/kordused\/","og_locale":"et_EE","og_type":"article","og_title":"Kordused - Marek Lukk portfoolio","og_description":"Kordused t\u00e4idavad koodi mitu korda. while tingimuson t\u00e4idetudniikaua kui tingimus on t\u00f5ene. kui True:l\u00f5putu ts\u00fckkelAlternatiivina v\u00f5ib true asemel kasutadakasutada lihtsatequals, 1 == [&hellip;]","og_url":"https:\/\/mareklukk24.thkit.ee\/wp\/kordused\/","og_site_name":"Marek Lukk portfoolio","twitter_card":"summary_large_image","schema":{"@context":"https:\/\/schema.org","@graph":[{"@type":"WebPage","@id":"https:\/\/mareklukk24.thkit.ee\/wp\/kordused\/","url":"https:\/\/mareklukk24.thkit.ee\/wp\/kordused\/","name":"Kordused - Marek Lukk portfoolio","isPartOf":{"@id":"https:\/\/mareklukk24.thkit.ee\/wp\/#website"},"primaryImageOfPage":{"@id":"https:\/\/mareklukk24.thkit.ee\/wp\/kordused\/#primaryimage"},"image":{"@id":"https:\/\/mareklukk24.thkit.ee\/wp\/kordused\/#primaryimage"},"thumbnailUrl":"https:\/\/mart1n2k.wordpress.com\/wp-content\/uploads\/2025\/05\/image.png?w=1024","datePublished":"2025-06-06T09:24:40+00:00","breadcrumb":{"@id":"https:\/\/mareklukk24.thkit.ee\/wp\/kordused\/#breadcrumb"},"inLanguage":"et","potentialAction":[{"@type":"ReadAction","target":["https:\/\/mareklukk24.thkit.ee\/wp\/kordused\/"]}]},{"@type":"ImageObject","inLanguage":"et","@id":"https:\/\/mareklukk24.thkit.ee\/wp\/kordused\/#primaryimage","url":"https:\/\/mart1n2k.wordpress.com\/wp-content\/uploads\/2025\/05\/image.png?w=1024","contentUrl":"https:\/\/mart1n2k.wordpress.com\/wp-content\/uploads\/2025\/05\/image.png?w=1024"},{"@type":"BreadcrumbList","@id":"https:\/\/mareklukk24.thkit.ee\/wp\/kordused\/#breadcrumb","itemListElement":[{"@type":"ListItem","position":1,"name":"Home","item":"https:\/\/mareklukk24.thkit.ee\/wp\/"},{"@type":"ListItem","position":2,"name":"Kordused"}]},{"@type":"WebSite","@id":"https:\/\/mareklukk24.thkit.ee\/wp\/#website","url":"https:\/\/mareklukk24.thkit.ee\/wp\/","name":"Marek Lukk portfoolio","description":"Noorem tarkvaraarendaja","potentialAction":[{"@type":"SearchAction","target":{"@type":"EntryPoint","urlTemplate":"https:\/\/mareklukk24.thkit.ee\/wp\/?s={search_term_string}"},"query-input":{"@type":"PropertyValueSpecification","valueRequired":true,"valueName":"search_term_string"}}],"inLanguage":"et"}]}},"_links":{"self":[{"href":"https:\/\/mareklukk24.thkit.ee\/wp\/wp-json\/wp\/v2\/pages\/862","targetHints":{"allow":["GET"]}}],"collection":[{"href":"https:\/\/mareklukk24.thkit.ee\/wp\/wp-json\/wp\/v2\/pages"}],"about":[{"href":"https:\/\/mareklukk24.thkit.ee\/wp\/wp-json\/wp\/v2\/types\/page"}],"author":[{"embeddable":true,"href":"https:\/\/mareklukk24.thkit.ee\/wp\/wp-json\/wp\/v2\/users\/1"}],"replies":[{"embeddable":true,"href":"https:\/\/mareklukk24.thkit.ee\/wp\/wp-json\/wp\/v2\/comments?post=862"}],"version-history":[{"count":0,"href":"https:\/\/mareklukk24.thkit.ee\/wp\/wp-json\/wp\/v2\/pages\/862\/revisions"}],"wp:attachment":[{"href":"https:\/\/mareklukk24.thkit.ee\/wp\/wp-json\/wp\/v2\/media?parent=862"}],"curies":[{"name":"wp","href":"https:\/\/api.w.org\/{rel}","templated":true}]}}